{"id":12,"date":"2026-02-26T17:49:35","date_gmt":"2026-02-26T16:49:35","guid":{"rendered":"http:\/\/psychoarty.teatrexit.pl\/?page_id=12"},"modified":"2026-02-28T19:50:12","modified_gmt":"2026-02-28T18:50:12","slug":"o-projekcie","status":"publish","type":"page","link":"https:\/\/psychoarty.teatrexit.pl\/?page_id=12","title":{"rendered":"O projekcie"},"content":{"rendered":"\t\t<div data-elementor-type=\"wp-page\" data-elementor-id=\"12\" class=\"elementor elementor-12\">\n\t\t\t\t<div class=\"elementor-element elementor-element-157a999 e-flex e-con-boxed e-con e-parent\" data-id=\"157a999\" data-element_type=\"container\" data-e-type=\"container\">\n\t\t\t\t\t<div class=\"e-con-inner\">\n\t\t\t\t<div class=\"elementor-element elementor-element-871a95d elementor-widget elementor-widget-heading\" data-id=\"871a95d\" data-element_type=\"widget\" data-e-type=\"widget\" data-widget_type=\"heading.default\">\n\t\t\t\t\t<h2 class=\"elementor-heading-title elementor-size-default\">Psychoarty. G\u0142osy z Houston<\/h2>\t\t\t\t<\/div>\n\t\t\t\t<div class=\"elementor-element elementor-element-b049ed9 elementor-widget-divider--view-line elementor-widget elementor-widget-divider\" data-id=\"b049ed9\" data-element_type=\"widget\" data-e-type=\"widget\" data-widget_type=\"divider.default\">\n\t\t\t\t\t\t\t<div class=\"elementor-divider\">\n\t\t\t<span class=\"elementor-divider-separator\">\n\t\t\t\t\t\t<\/span>\n\t\t<\/div>\n\t\t\t\t\t\t<\/div>\n\t\t\t\t<div class=\"elementor-element elementor-element-b2683dd elementor-widget__width-inherit elementor-widget elementor-widget-text-editor\" data-id=\"b2683dd\" data-element_type=\"widget\" data-e-type=\"widget\" data-widget_type=\"text-editor.default\">\n\t\t\t\t\t\t\t\t\t<p><strong>Fundacja Teatru Exit uzyska\u0142a dofinansowanie w programie KPO dla Kultury, w ramach kt\u00f3rego zrealizowa\u0142a projekt &#8220;Psychoarty. G\u0142osy z Houston&#8221;.\u00a0Przedsi\u0119wzi\u0119cie wsp\u00f3\u0142finansowane ze \u015brodk\u00f3w Krajowego Planu Odbudowy i Zwi\u0119kszania Odporno\u015bci. (Inwestycja A2.5.1 Program wspierania dzia\u0142alno\u015bci podmiot\u00f3w sektora kultury i przemys\u0142\u00f3w kreatywnych na rzecz stymulowania ich rozwoju).<\/strong><\/p>\t\t\t\t\t\t\t\t<\/div>\n\t\t\t\t<div class=\"elementor-element elementor-element-8d11b44 elementor-widget elementor-widget-image\" data-id=\"8d11b44\" data-element_type=\"widget\" data-e-type=\"widget\" data-widget_type=\"image.default\">\n\t\t\t\t\t\t\t\t\t\t\t\t\t\t\t<img fetchpriority=\"high\" decoding=\"async\" width=\"800\" height=\"90\" src=\"https:\/\/psychoarty.teatrexit.pl\/wp-content\/uploads\/2026\/02\/FE_RP_UE_KPO_rgb_poziom_kolor_png-1024x115.png\" class=\"attachment-large size-large wp-image-173\" alt=\"\" srcset=\"https:\/\/psychoarty.teatrexit.pl\/wp-content\/uploads\/2026\/02\/FE_RP_UE_KPO_rgb_poziom_kolor_png-1024x115.png 1024w, https:\/\/psychoarty.teatrexit.pl\/wp-content\/uploads\/2026\/02\/FE_RP_UE_KPO_rgb_poziom_kolor_png-300x34.png 300w, https:\/\/psychoarty.teatrexit.pl\/wp-content\/uploads\/2026\/02\/FE_RP_UE_KPO_rgb_poziom_kolor_png-768x86.png 768w, https:\/\/psychoarty.teatrexit.pl\/wp-content\/uploads\/2026\/02\/FE_RP_UE_KPO_rgb_poziom_kolor_png-1536x173.png 1536w, https:\/\/psychoarty.teatrexit.pl\/wp-content\/uploads\/2026\/02\/FE_RP_UE_KPO_rgb_poziom_kolor_png-2048x230.png 2048w\" sizes=\"(max-width: 800px) 100vw, 800px\" \/>\t\t\t\t\t\t\t\t\t\t\t\t\t\t\t<\/div>\n\t\t\t\t<div class=\"elementor-element elementor-element-91537f8 elementor-widget-divider--view-line elementor-widget elementor-widget-divider\" data-id=\"91537f8\" data-element_type=\"widget\" data-e-type=\"widget\" data-widget_type=\"divider.default\">\n\t\t\t\t\t\t\t<div class=\"elementor-divider\">\n\t\t\t<span class=\"elementor-divider-separator\">\n\t\t\t\t\t\t<\/span>\n\t\t<\/div>\n\t\t\t\t\t\t<\/div>\n\t\t\t\t<div class=\"elementor-element elementor-element-18c8fc1 elementor-widget__width-inherit elementor-widget elementor-widget-text-editor\" data-id=\"18c8fc1\" data-element_type=\"widget\" data-e-type=\"widget\" data-widget_type=\"text-editor.default\">\n\t\t\t\t\t\t\t\t\t<p><strong>W trakcie projektu zrealizowali\u015bmy 4 storyarty &#8211; opracowane przez niepe\u0142nosprawnych aktor\u00f3w, wiersze pacjent\u00f3w szpitala psychiatrycznego, z animacjami i muzyk\u0105. Ka\u017cdemu utworowi towarzyszy plakat, kt\u00f3ry obrazuje przedstawiany w utworze problem. Ka\u017cde z nagra\u0144 zosta\u0142o te\u017c rozszerzone o rozmow\u0119 &#8211; wywiad z autorem utworu.<\/strong><\/p><p><strong>P\u00f3\u0142fina\u0142em projektu by\u0142 pokaz na \u017cywo, w czasie kt\u00f3rego odby\u0142o si\u0119 wykonanie utwor\u00f3w z towarzyszeniem muzyk\u00f3w, wystawa plakat\u00f3w i rozmowa z tw\u00f3rcami. Finalnie powsta\u0142 wyprodukowany na nowo spektakl &#8220;G\u0142osy z Houston&#8221;, kt\u00f3ry zosta\u0142 wystawiony i zdigitalizowany. Po spektaklu odby\u0142a si\u0119 rozmowa z tw\u00f3rcami i autorami wierszy, wykorzystywanych w projekcie.<\/strong><\/p>\t\t\t\t\t\t\t\t<\/div>\n\t\t\t\t<div class=\"elementor-element elementor-element-527333b elementor-widget-divider--view-line elementor-widget elementor-widget-divider\" data-id=\"527333b\" data-element_type=\"widget\" data-e-type=\"widget\" data-widget_type=\"divider.default\">\n\t\t\t\t\t\t\t<div class=\"elementor-divider\">\n\t\t\t<span class=\"elementor-divider-separator\">\n\t\t\t\t\t\t<\/span>\n\t\t<\/div>\n\t\t\t\t\t\t<\/div>\n\t\t\t\t<div class=\"elementor-element elementor-element-006ea70 elementor-widget elementor-widget-image\" data-id=\"006ea70\" data-element_type=\"widget\" data-e-type=\"widget\" data-widget_type=\"image.default\">\n\t\t\t\t\t\t\t\t\t\t\t\t\t\t\t<img decoding=\"async\" width=\"724\" height=\"1024\" src=\"https:\/\/psychoarty.teatrexit.pl\/wp-content\/uploads\/2026\/02\/A3-Glosy-zHoustonKPO_page-0001-724x1024.jpg\" class=\"attachment-large size-large wp-image-207\" alt=\"\" srcset=\"https:\/\/psychoarty.teatrexit.pl\/wp-content\/uploads\/2026\/02\/A3-Glosy-zHoustonKPO_page-0001-724x1024.jpg 724w, https:\/\/psychoarty.teatrexit.pl\/wp-content\/uploads\/2026\/02\/A3-Glosy-zHoustonKPO_page-0001-212x300.jpg 212w, https:\/\/psychoarty.teatrexit.pl\/wp-content\/uploads\/2026\/02\/A3-Glosy-zHoustonKPO_page-0001-768x1086.jpg 768w, https:\/\/psychoarty.teatrexit.pl\/wp-content\/uploads\/2026\/02\/A3-Glosy-zHoustonKPO_page-0001-1086x1536.jpg 1086w, https:\/\/psychoarty.teatrexit.pl\/wp-content\/uploads\/2026\/02\/A3-Glosy-zHoustonKPO_page-0001-1448x2048.jpg 1448w, https:\/\/psychoarty.teatrexit.pl\/wp-content\/uploads\/2026\/02\/A3-Glosy-zHoustonKPO_page-0001.jpg 1754w\" sizes=\"(max-width: 724px) 100vw, 724px\" \/>\t\t\t\t\t\t\t\t\t\t\t\t\t\t\t<\/div>\n\t\t\t\t\t<\/div>\n\t\t\t\t<\/div>\n\t\t\t\t<\/div>\n\t\t","protected":false},"excerpt":{"rendered":"<p>Psychoarty. G\u0142osy z Houston Fundacja Teatru Exit uzyska\u0142a dofinansowanie w programie KPO dla Kultury, w ramach kt\u00f3rego zrealizowa\u0142a projekt &#8220;Psychoarty. G\u0142osy z Houston&#8221;.\u00a0Przedsi\u0119wzi\u0119cie wsp\u00f3\u0142finansowane ze \u015brodk\u00f3w Krajowego Planu Odbudowy i Zwi\u0119kszania Odporno\u015bci. (Inwestycja A2.5.1 Program wspierania dzia\u0142alno\u015bci podmiot\u00f3w sektora kultury i przemys\u0142\u00f3w kreatywnych na rzecz stymulowania ich rozwoju). W trakcie projektu zrealizowali\u015bmy 4 storyarty &#8211; [&hellip;]<\/p>\n","protected":false},"author":1,"featured_media":0,"parent":42,"menu_order":0,"comment_status":"closed","ping_status":"closed","template":"","meta":{"footnotes":""},"class_list":["post-12","page","type-page","status-publish","hentry"],"_links":{"self":[{"href":"https:\/\/psychoarty.teatrexit.pl\/index.php?rest_route=\/wp\/v2\/pages\/12","targetHints":{"allow":["GET"]}}],"collection":[{"href":"https:\/\/psychoarty.teatrexit.pl\/index.php?rest_route=\/wp\/v2\/pages"}],"about":[{"href":"https:\/\/psychoarty.teatrexit.pl\/index.php?rest_route=\/wp\/v2\/types\/page"}],"author":[{"embeddable":true,"href":"https:\/\/psychoarty.teatrexit.pl\/index.php?rest_route=\/wp\/v2\/users\/1"}],"replies":[{"embeddable":true,"href":"https:\/\/psychoarty.teatrexit.pl\/index.php?rest_route=%2Fwp%2Fv2%2Fcomments&post=12"}],"version-history":[{"count":43,"href":"https:\/\/psychoarty.teatrexit.pl\/index.php?rest_route=\/wp\/v2\/pages\/12\/revisions"}],"predecessor-version":[{"id":322,"href":"https:\/\/psychoarty.teatrexit.pl\/index.php?rest_route=\/wp\/v2\/pages\/12\/revisions\/322"}],"up":[{"embeddable":true,"href":"https:\/\/psychoarty.teatrexit.pl\/index.php?rest_route=\/wp\/v2\/pages\/42"}],"wp:attachment":[{"href":"https:\/\/psychoarty.teatrexit.pl\/index.php?rest_route=%2Fwp%2Fv2%2Fmedia&parent=12"}],"curies":[{"name":"wp","href":"https:\/\/api.w.org\/{rel}","templated":true}]}}